{"id":31,"date":"2022-12-05T08:58:54","date_gmt":"2022-12-05T08:58:54","guid":{"rendered":"https:\/\/dashkomodo.com\/?page_id=31"},"modified":"2023-01-10T15:38:54","modified_gmt":"2023-01-10T15:38:54","slug":"contact","status":"publish","type":"page","link":"https:\/\/dashkomodo.com\/fr\/contact\/","title":{"rendered":"Contact"},"content":{"rendered":"<p>[et_pb_section fb_built=&#8221;1&#8243; admin_label=&#8221;Header&#8221; _builder_version=&#8221;4.19.4&#8243; _module_preset=&#8221;default&#8221; background_color=&#8221;#B3AA99&#8243; custom_margin=&#8221;|||0px|false|false&#8221; custom_margin_tablet=&#8221;|||0px|false|false&#8221; custom_margin_phone=&#8221;|||0px|false|false&#8221; custom_margin_last_edited=&#8221;on|desktop&#8221; bottom_divider_height=&#8221;54px&#8221; collapsed=&#8221;on&#8221; global_colors_info=&#8221;{}&#8221;][et_pb_row _builder_version=&#8221;4.19.0&#8243; _module_preset=&#8221;default&#8221; max_width=&#8221;700px&#8221; custom_padding=&#8221;||0px||false|false&#8221; global_colors_info=&#8221;{}&#8221;][et_pb_column type=&#8221;4_4&#8243; _builder_version=&#8221;4.19.0&#8243; _module_preset=&#8221;default&#8221; global_colors_info=&#8221;{}&#8221;][dsm_text_divider header=&#8221;CONTACT&#8221; color=&#8221;#FFD23E&#8221; divider_style=&#8221;dashed&#8221; divider_weight=&#8221;3px&#8221; _builder_version=&#8221;4.19.1&#8243; _module_preset=&#8221;default&#8221; header_level=&#8221;h1&#8243; header_font_size=&#8221;50px&#8221; background_color=&#8221;RGBA(255,255,255,0)&#8221; width=&#8221;100%&#8221; max_width=&#8221;100%&#8221; animation_style=&#8221;slide&#8221; global_colors_info=&#8221;{}&#8221;][\/dsm_text_divider][\/et_pb_column][\/et_pb_row][et_pb_row _builder_version=&#8221;4.19.0&#8243; _module_preset=&#8221;default&#8221; max_width=&#8221;700px&#8221; global_colors_info=&#8221;{}&#8221;][et_pb_column type=&#8221;4_4&#8243; _builder_version=&#8221;4.19.0&#8243; _module_preset=&#8221;default&#8221; global_colors_info=&#8221;{}&#8221;][et_pb_text _builder_version=&#8221;4.19.1&#8243; _module_preset=&#8221;default&#8221; text_font=&#8221;Eras|700|||||||&#8221; text_text_color=&#8221;#4D4637&#8243; text_font_size=&#8221;20px&#8221; link_text_color=&#8221;#FFD23E&#8221; header_font=&#8221;||||||||&#8221; header_font_size=&#8221;50px&#8221; text_orientation=&#8221;center&#8221; module_alignment=&#8221;center&#8221; global_colors_info=&#8221;{}&#8221;]<\/p>\n<p>&nbsp;<\/p>\n<p>Nous vous offrons une consultation gratuite pour \u00e9valuer votre projet, d\u00e9finir vos objectifs et estimer un budget.<\/p>\n<p>Pour la plupart de vos questions, vous pouvez \u00e9galement consulter notre page <a href=\"https:\/\/dashkomodo.com\/fr\/faq\/\">FAQ.<\/a> page.<\/p>\n<p>[\/et_pb_text][\/et_pb_column][\/et_pb_row][\/et_pb_section][et_pb_section fb_built=&#8221;1&#8243; admin_label=&#8221;Contact Form&#8221; _builder_version=&#8221;4.19.4&#8243; _module_preset=&#8221;default&#8221; background_color=&#8221;#B3AA99&#8243; use_background_color_gradient=&#8221;on&#8221; background_color_gradient_stops=&#8221;rgba(255,210,62,0.73) 18%|#ffffff 76%&#8221; background_image=&#8221;https:\/\/dashkomodo.com\/wp-content\/uploads\/2022\/12\/icon-4102192.png&#8221; custom_margin=&#8221;|||0px|false|false&#8221; custom_margin_tablet=&#8221;|||0px|false|false&#8221; custom_margin_phone=&#8221;|||0px|false|false&#8221; custom_margin_last_edited=&#8221;on|desktop&#8221; top_divider_style=&#8221;mountains&#8221; top_divider_color=&#8221;#b3aa99&#8243; top_divider_height=&#8221;39px&#8221; top_divider_repeat=&#8221;1x&#8221; bottom_divider_style=&#8221;mountains&#8221; bottom_divider_color=&#8221;#000000&#8243; bottom_divider_height=&#8221;54px&#8221; background_image_phone=&#8221;https:\/\/dashkomodo.com\/wp-content\/uploads\/2022\/12\/icon-4102192.png&#8221; background_enable_image_tablet=&#8221;off&#8221; background_enable_image_phone=&#8221;on&#8221; collapsed=&#8221;on&#8221; global_colors_info=&#8221;{}&#8221;][et_pb_row column_structure=&#8221;1_2,1_2&#8243; make_equal=&#8221;on&#8221; _builder_version=&#8221;4.19.1&#8243; _module_preset=&#8221;default&#8221; global_colors_info=&#8221;{}&#8221;][et_pb_column type=&#8221;1_2&#8243; _builder_version=&#8221;4.19.1&#8243; _module_preset=&#8221;default&#8221; background_color=&#8221;rgba(179,170,153,0.88)&#8221; custom_padding=&#8221;60px|60px|60px|60px|true|true&#8221; custom_padding_tablet=&#8221;30px|30px|30px|30px|true|true&#8221; custom_padding_phone=&#8221;20px|20px|20px|20px|true|true&#8221; custom_padding_last_edited=&#8221;on|desktop&#8221; border_radii=&#8221;off||100px||100px&#8221; border_width_all=&#8221;1px&#8221; border_color_all=&#8221;#000000&#8243; box_shadow_style=&#8221;preset2&#8243; box_shadow_blur=&#8221;20px&#8221; box_shadow_spread=&#8221;-3px&#8221; box_shadow_color=&#8221;#000000&#8243; global_colors_info=&#8221;{%22gcid-1ebd227f-17a6-4b4b-aae3-34bdf343cf9f%22:%91%22background_color__hover%22%93,%22gcid-f22ce391-07f1-4ce8-a74b-7c09c799a54e%22:%91%22background_color%22%93}&#8221; background__hover_enabled=&#8221;on|desktop&#8221;][et_pb_text _builder_version=&#8221;4.19.1&#8243; _module_preset=&#8221;b327cbe4-b1d5-4b66-ad37-40c8f2f061ba&#8221; text_font=&#8221;Eras||||||||&#8221; header_font=&#8221;Eras||||||||&#8221; header_2_font=&#8221;Eras|200|on||||||&#8221; header_2_font_size=&#8221;37px&#8221; header_2_line_height=&#8221;1.2em&#8221; header_2_font_size_tablet=&#8221;32px&#8221; header_2_font_size_phone=&#8221;20px&#8221; header_2_font_size_last_edited=&#8221;on|desktop&#8221; global_colors_info=&#8221;{}&#8221;]<\/p>\n<h2>Contactez-nous<\/h2>\n<p>[\/et_pb_text][et_pb_text _builder_version=&#8221;4.19.4&#8243; _module_preset=&#8221;1f09816e-184e-4ce5-a4cf-b39c52c423ca&#8221; text_font=&#8221;Eras||||||||&#8221; text_text_color=&#8221;#4D4637&#8243; text_font_size=&#8221;16px&#8221; text_line_height=&#8221;1.8em&#8221; custom_padding=&#8221;||0px|||&#8221; hover_enabled=&#8221;0&#8243; text_font_size_tablet=&#8221;15px&#8221; text_font_size_phone=&#8221;14px&#8221; text_font_size_last_edited=&#8221;on|desktop&#8221; header_font_size_tablet=&#8221;55px&#8221; header_font_size_last_edited=&#8221;off|desktop&#8221; global_colors_info=&#8221;{}&#8221; sticky_enabled=&#8221;0&#8243;]<\/p>\n<p>Veuillez utiliser ce formulaire de contact pour le premier contact. Remplissez tous les champs et d\u00e9crivez votre projet dans le champ Message. N'h\u00e9sitez pas \u00e0 nous faire part de toute information que vous jugerez pertinente \u00e0 votre demande. Nous r\u00e9pondrons bri\u00e8vement. (n'oubliez pas de v\u00e9rifier votre boite spam)<\/p>\n<p>[\/et_pb_text][et_pb_contact_form email=&#8221;ddamerose@gmail.com, kok.art.fr@gmail.com,contact@kok-artist.com&#8221; success_message=&#8221;Thanks for contacting me,   I will reply to you as soon as possible. &#8221; submit_button_text=&#8221;SEND&#8221; _builder_version=&#8221;4.19.4&#8243; _module_preset=&#8221;default&#8221; _unique_id=&#8221;dd5dd1e4-e7d4-4c42-bae0-ba76fcae3a9b&#8221; form_field_background_color=&#8221;#FFFFFF&#8221; form_field_text_color=&#8221;#000000&#8243; form_field_focus_background_color=&#8221;#FFFFFF&#8221; title_font=&#8221;|700|||||||&#8221; title_text_color=&#8221;#FFFFFF&#8221; captcha_font=&#8221;|700|||||||&#8221; captcha_text_color=&#8221;#4D4637&#8243; captcha_line_height=&#8221;3em&#8221; form_field_font=&#8221;|700|||||||&#8221; custom_button=&#8221;on&#8221; button_text_color=&#8221;#4D4637&#8243; button_border_radius=&#8221;7px&#8221; positioning=&#8221;relative&#8221; captcha_line_height_tablet=&#8221;3em&#8221; captcha_line_height_phone=&#8221;2.4em&#8221; captcha_line_height_last_edited=&#8221;on|desktop&#8221; button_text_size_tablet=&#8221;&#8221; button_text_size_phone=&#8221;&#8221; button_text_size_last_edited=&#8221;on|phone&#8221; global_colors_info=&#8221;{}&#8221;][et_pb_contact_field field_id=&#8221;Name&#8221; field_title=&#8221;Name&#8221; _builder_version=&#8221;4.19.4&#8243; global_colors_info=&#8221;{}&#8221; button_text_size__hover_enabled=&#8221;off&#8221; button_one_text_size__hover_enabled=&#8221;off&#8221; button_two_text_size__hover_enabled=&#8221;off&#8221; button_text_color__hover_enabled=&#8221;off&#8221; button_one_text_color__hover_enabled=&#8221;off&#8221; button_two_text_color__hover_enabled=&#8221;off&#8221; button_border_width__hover_enabled=&#8221;off&#8221; button_one_border_width__hover_enabled=&#8221;off&#8221; button_two_border_width__hover_enabled=&#8221;off&#8221; button_border_color__hover_enabled=&#8221;off&#8221; button_one_border_color__hover_enabled=&#8221;off&#8221; button_two_border_color__hover_enabled=&#8221;off&#8221; button_border_radius__hover_enabled=&#8221;off&#8221; button_one_border_radius__hover_enabled=&#8221;off&#8221; button_two_border_radius__hover_enabled=&#8221;off&#8221; button_letter_spacing__hover_enabled=&#8221;off&#8221; button_one_letter_spacing__hover_enabled=&#8221;off&#8221; button_two_letter_spacing__hover_enabled=&#8221;off&#8221; button_bg_color__hover_enabled=&#8221;off&#8221; button_one_bg_color__hover_enabled=&#8221;off&#8221; button_two_bg_color__hover_enabled=&#8221;off&#8221;][\/et_pb_contact_field][et_pb_contact_field field_id=&#8221;country&#8221; field_title=&#8221;country&#8221; _builder_version=&#8221;4.19.1&#8243; global_colors_info=&#8221;{}&#8221; button_text_size__hover_enabled=&#8221;off&#8221; button_one_text_size__hover_enabled=&#8221;off&#8221; button_two_text_size__hover_enabled=&#8221;off&#8221; button_text_color__hover_enabled=&#8221;off&#8221; button_one_text_color__hover_enabled=&#8221;off&#8221; button_two_text_color__hover_enabled=&#8221;off&#8221; button_border_width__hover_enabled=&#8221;off&#8221; button_one_border_width__hover_enabled=&#8221;off&#8221; button_two_border_width__hover_enabled=&#8221;off&#8221; button_border_color__hover_enabled=&#8221;off&#8221; button_one_border_color__hover_enabled=&#8221;off&#8221; button_two_border_color__hover_enabled=&#8221;off&#8221; button_border_radius__hover_enabled=&#8221;off&#8221; button_one_border_radius__hover_enabled=&#8221;off&#8221; button_two_border_radius__hover_enabled=&#8221;off&#8221; button_letter_spacing__hover_enabled=&#8221;off&#8221; button_one_letter_spacing__hover_enabled=&#8221;off&#8221; button_two_letter_spacing__hover_enabled=&#8221;off&#8221; button_bg_color__hover_enabled=&#8221;off&#8221; button_one_bg_color__hover_enabled=&#8221;off&#8221; button_two_bg_color__hover_enabled=&#8221;off&#8221;][\/et_pb_contact_field][et_pb_contact_field field_id=&#8221;email&#8221; field_title=&#8221;Email&#8221; field_type=&#8221;email&#8221; fullwidth_field=&#8221;on&#8221; _builder_version=&#8221;4.19.1&#8243; _module_preset=&#8221;default&#8221; global_colors_info=&#8221;{}&#8221;][\/et_pb_contact_field][et_pb_contact_field field_id=&#8221;Message&#8221; field_title=&#8221;Message&#8221; field_type=&#8221;text&#8221; fullwidth_field=&#8221;on&#8221; _builder_version=&#8221;4.19.1&#8243; global_colors_info=&#8221;{}&#8221; button_text_size__hover_enabled=&#8221;off&#8221; button_one_text_size__hover_enabled=&#8221;off&#8221; button_two_text_size__hover_enabled=&#8221;off&#8221; button_text_color__hover_enabled=&#8221;off&#8221; button_one_text_color__hover_enabled=&#8221;off&#8221; button_two_text_color__hover_enabled=&#8221;off&#8221; button_border_width__hover_enabled=&#8221;off&#8221; button_one_border_width__hover_enabled=&#8221;off&#8221; button_two_border_width__hover_enabled=&#8221;off&#8221; button_border_color__hover_enabled=&#8221;off&#8221; button_one_border_color__hover_enabled=&#8221;off&#8221; button_two_border_color__hover_enabled=&#8221;off&#8221; button_border_radius__hover_enabled=&#8221;off&#8221; button_one_border_radius__hover_enabled=&#8221;off&#8221; button_two_border_radius__hover_enabled=&#8221;off&#8221; button_letter_spacing__hover_enabled=&#8221;off&#8221; button_one_letter_spacing__hover_enabled=&#8221;off&#8221; button_two_letter_spacing__hover_enabled=&#8221;off&#8221; button_bg_color__hover_enabled=&#8221;off&#8221; button_one_bg_color__hover_enabled=&#8221;off&#8221; button_two_bg_color__hover_enabled=&#8221;off&#8221;][\/et_pb_contact_field][\/et_pb_contact_form][\/et_pb_column][et_pb_column type=&#8221;1_2&#8243; _builder_version=&#8221;4.19.1&#8243; _module_preset=&#8221;default&#8221; background_color=&#8221;rgba(179,170,153,0.88)&#8221; background_enable_mask_style=&#8221;on&#8221; background_mask_style=&#8221;ellipse&#8221; background_mask_color=&#8221;rgba(255,255,255,0.6)&#8221; background_mask_transform=&#8221;invert&#8221; custom_padding=&#8221;60px|60px|60px|60px|true|true&#8221; custom_padding_tablet=&#8221;30px|30px|30px|30px|true|true&#8221; custom_padding_phone=&#8221;20px|20px|20px|20px|true|true&#8221; custom_padding_last_edited=&#8221;on|desktop&#8221; border_radii=&#8221;off|100px||100px|&#8221; border_width_all=&#8221;1px&#8221; border_color_all=&#8221;#000000&#8243; box_shadow_style=&#8221;preset2&#8243; box_shadow_blur=&#8221;20px&#8221; box_shadow_spread=&#8221;-3px&#8221; box_shadow_color=&#8221;#000000&#8243; global_colors_info=&#8221;{%22gcid-1ebd227f-17a6-4b4b-aae3-34bdf343cf9f%22:%91%22background_color__hover%22%93,%22gcid-f22ce391-07f1-4ce8-a74b-7c09c799a54e%22:%91%22background_color%22%93}&#8221; background__hover_enabled=&#8221;on|desktop&#8221;][et_pb_text _builder_version=&#8221;4.19.1&#8243; _module_preset=&#8221;b327cbe4-b1d5-4b66-ad37-40c8f2f061ba&#8221; text_font=&#8221;Eras||||||||&#8221; header_font=&#8221;Eras||||||||&#8221; header_2_font=&#8221;Eras|200|on||||||&#8221; header_2_font_size=&#8221;37px&#8221; header_2_line_height=&#8221;1.2em&#8221; header_2_font_size_tablet=&#8221;32px&#8221; header_2_font_size_phone=&#8221;20px&#8221; header_2_font_size_last_edited=&#8221;on|desktop&#8221; global_colors_info=&#8221;{}&#8221;]<\/p>\n<h2>Travailler Ensemble<\/h2>\n<p>[\/et_pb_text][et_pb_text _builder_version=&#8221;4.19.1&#8243; _module_preset=&#8221;1f09816e-184e-4ce5-a4cf-b39c52c423ca&#8221; text_font=&#8221;Eras||||||||&#8221; text_text_color=&#8221;#4D4637&#8243; text_font_size=&#8221;16px&#8221; text_line_height=&#8221;1.8em&#8221; custom_padding=&#8221;||0px|||&#8221; text_font_size_tablet=&#8221;15px&#8221; text_font_size_phone=&#8221;14px&#8221; text_font_size_last_edited=&#8221;on|desktop&#8221; header_font_size_tablet=&#8221;55px&#8221; header_font_size_last_edited=&#8221;off|desktop&#8221; global_colors_info=&#8221;{}&#8221;]<\/p>\n<p>Pour notre premier contact, le courrier \u00e9lectronique est vraiment le meilleur moyen de nous joindre. Cependant, les \u00e9changes suivants peuvent se faire de diff\u00e9rentes mani\u00e8res, selon cvotre choix ainsi que nos diff\u00e9rents fuseaux horaires.\u00a0<\/p>\n<p>[\/et_pb_text][dsm_icon_list list_space_between=&#8221;38px&#8221; text_indent=&#8221;10px&#8221; _builder_version=&#8221;4.19.1&#8243; _module_preset=&#8221;default&#8221; text_font=&#8221;Eras||||||||&#8221; position_origin_a=&#8221;bottom_right&#8221; width=&#8221;100%&#8221; global_colors_info=&#8221;{}&#8221;][dsm_icon_list_child text=&#8221;TELEPHONE&#8221; use_icon=&#8221;off&#8221; image=&#8221;https:\/\/dashkomodo.com\/wp-content\/uploads\/2022\/12\/png-transparent-iphone-computer-icons-telephone-email-telephone-electronics-text-mobile-phones.png&#8221; _builder_version=&#8221;4.19.1&#8243; _module_preset=&#8221;default&#8221; border_radii=&#8221;on|500px|500px|500px|500px&#8221; border_radii_image=&#8221;on|500px|500px|500px|500px&#8221; global_colors_info=&#8221;{}&#8221;][\/dsm_icon_list_child][dsm_icon_list_child text=&#8221;EMAIL&#8221; use_icon=&#8221;off&#8221; image=&#8221;https:\/\/dashkomodo.com\/wp-content\/uploads\/2022\/12\/email-icon-vector-circle-11549825158ieiklzfl8g.png&#8221; _builder_version=&#8221;4.19.1&#8243; _module_preset=&#8221;default&#8221; border_radii=&#8221;on|500px|500px|500px|500px&#8221; border_radii_image=&#8221;on|500px|500px|500px|500px&#8221; global_colors_info=&#8221;{}&#8221;][\/dsm_icon_list_child][dsm_icon_list_child text=&#8221;TELEGRAM&#8221; use_icon=&#8221;off&#8221; image=&#8221;https:\/\/dashkomodo.com\/wp-content\/uploads\/2022\/12\/Telegram-icon-on-transparent-background-PNG.png&#8221; _builder_version=&#8221;4.19.1&#8243; _module_preset=&#8221;default&#8221; border_radii=&#8221;on|500px|500px|500px|500px&#8221; border_radii_image=&#8221;on|500px|500px|500px|500px&#8221; global_colors_info=&#8221;{}&#8221;][\/dsm_icon_list_child][dsm_icon_list_child text=&#8221;WHATSAPP&#8221; use_icon=&#8221;off&#8221; image=&#8221;https:\/\/dashkomodo.com\/wp-content\/uploads\/2022\/12\/40-404856_transparent-whatsapp-icon-transparent-png-circle-logo-whatsapp.png&#8221; _builder_version=&#8221;4.19.1&#8243; _module_preset=&#8221;default&#8221; border_radii=&#8221;on|500px|500px|500px|500px&#8221; border_radii_image=&#8221;on|500px|500px|500px|500px&#8221; global_colors_info=&#8221;{}&#8221;][\/dsm_icon_list_child][dsm_icon_list_child text=&#8221;MESSENGER&#8221; use_icon=&#8221;off&#8221; image=&#8221;https:\/\/dashkomodo.com\/wp-content\/uploads\/2022\/12\/Facebook_Messenger_logo_2020.svg.png&#8221; _builder_version=&#8221;4.19.1&#8243; _module_preset=&#8221;default&#8221; border_radii=&#8221;on|500px|500px|500px|500px&#8221; border_radii_image=&#8221;on|500px|500px|500px|500px&#8221; global_colors_info=&#8221;{}&#8221;][\/dsm_icon_list_child][dsm_icon_list_child text=&#8221;TEAM VIEWER&#8221; use_icon=&#8221;off&#8221; image=&#8221;https:\/\/dashkomodo.com\/wp-content\/uploads\/2022\/12\/1200x600tviewer.jpg&#8221; _builder_version=&#8221;4.19.1&#8243; _module_preset=&#8221;default&#8221; border_radii=&#8221;on|500px|500px|500px|500px&#8221; border_radii_image=&#8221;on|500px|500px|500px|500px&#8221; global_colors_info=&#8221;{}&#8221;][\/dsm_icon_list_child][dsm_icon_list_child text=&#8221;GOOGLE MEETING&#8221; use_icon=&#8221;off&#8221; image=&#8221;https:\/\/dashkomodo.com\/wp-content\/uploads\/2022\/12\/Google-Meet-Logo.jpg&#8221; _builder_version=&#8221;4.19.1&#8243; _module_preset=&#8221;default&#8221; border_radii=&#8221;on|500px|500px|500px|500px&#8221; border_radii_image=&#8221;on|500px|500px|500px|500px&#8221; global_colors_info=&#8221;{}&#8221;][\/dsm_icon_list_child][\/dsm_icon_list][\/et_pb_column][\/et_pb_row][\/et_pb_section]<\/p>","protected":false},"excerpt":{"rendered":"<p>Contact us for a free review of your project. We can use Email, Phone, Instagram, Whatsapp, Google meeting to exchange. The choice is yours. <\/p>","protected":false},"author":1,"featured_media":107,"parent":0,"menu_order":0,"comment_status":"closed","ping_status":"closed","template":"","meta":{"_et_pb_use_builder":"on","_et_pb_old_content":"<!-- wp:divi\/placeholder \/-->","_et_gb_content_width":""},"aioseo_notices":[],"_links":{"self":[{"href":"https:\/\/dashkomodo.com\/fr\/wp-json\/wp\/v2\/pages\/31"}],"collection":[{"href":"https:\/\/dashkomodo.com\/fr\/wp-json\/wp\/v2\/pages"}],"about":[{"href":"https:\/\/dashkomodo.com\/fr\/wp-json\/wp\/v2\/types\/page"}],"author":[{"embeddable":true,"href":"https:\/\/dashkomodo.com\/fr\/wp-json\/wp\/v2\/users\/1"}],"replies":[{"embeddable":true,"href":"https:\/\/dashkomodo.com\/fr\/wp-json\/wp\/v2\/comments?post=31"}],"version-history":[{"count":0,"href":"https:\/\/dashkomodo.com\/fr\/wp-json\/wp\/v2\/pages\/31\/revisions"}],"wp:featuredmedia":[{"embeddable":true,"href":"https:\/\/dashkomodo.com\/fr\/wp-json\/wp\/v2\/media\/107"}],"wp:attachment":[{"href":"https:\/\/dashkomodo.com\/fr\/wp-json\/wp\/v2\/media?parent=31"}],"curies":[{"name":"wp","href":"https:\/\/api.w.org\/{rel}","templated":true}]}}