{"id":175,"date":"2022-12-20T02:58:21","date_gmt":"2022-12-20T02:58:21","guid":{"rendered":"https:\/\/dashkomodo.com\/?page_id=175"},"modified":"2023-01-03T15:03:16","modified_gmt":"2023-01-03T15:03:16","slug":"work-together","status":"publish","type":"page","link":"https:\/\/dashkomodo.com\/fr\/work-together\/","title":{"rendered":"Travailler Ensemble"},"content":{"rendered":"<p>[et_pb_section fb_built=&#8221;1&#8243; next_background_color=&#8221;#ffffff&#8221; _builder_version=&#8221;4.19.4&#8243; _module_preset=&#8221;default&#8221; background_color=&#8221;#000000&#8243; custom_margin=&#8221;|||0px|false|false&#8221; custom_margin_tablet=&#8221;|||300px|false|false&#8221; custom_margin_phone=&#8221;|||0px|false|false&#8221; custom_margin_last_edited=&#8221;on|desktop&#8221; bottom_divider_style=&#8221;mountains&#8221; bottom_divider_height=&#8221;54px&#8221; global_colors_info=&#8221;{}&#8221;][et_pb_row _builder_version=&#8221;4.19.1&#8243; _module_preset=&#8221;default&#8221; global_colors_info=&#8221;{}&#8221;][et_pb_column type=&#8221;4_4&#8243; _builder_version=&#8221;4.19.1&#8243; _module_preset=&#8221;default&#8221; global_colors_info=&#8221;{}&#8221;][dsm_text_divider header=&#8221;WORKING TOGETHER&#8221; color=&#8221;#FFD23E&#8221; divider_style=&#8221;dashed&#8221; divider_weight=&#8221;3px&#8221; _builder_version=&#8221;4.19.4&#8243; _module_preset=&#8221;default&#8221; header_level=&#8221;h1&#8243; header_font_size=&#8221;50px&#8221; background_color=&#8221;RGBA(255,255,255,0)&#8221; background_layout=&#8221;dark&#8221; width=&#8221;100%&#8221; max_width=&#8221;100%&#8221; animation_style=&#8221;slide&#8221; global_colors_info=&#8221;{}&#8221;][\/dsm_text_divider][et_pb_text _builder_version=&#8221;4.19.4&#8243; _module_preset=&#8221;default&#8221; text_font=&#8221;|700|||||||&#8221; text_text_color=&#8221;#FFFFFF&#8221; text_font_size=&#8221;20px&#8221; header_font=&#8221;||||||||&#8221; header_font_size=&#8221;50px&#8221; width=&#8221;80%&#8221; module_alignment=&#8221;center&#8221; global_colors_info=&#8221;{}&#8221;]<\/p>\n<p>&nbsp;<\/p>\n<p>Nous n'avons pas besoin d'\u00eatre dans la m\u00eame pi\u00e8ce pour travailler ensemble. Nous vous proposons de multiples fa\u00e7ons de discuter ensemble de votre projet. De l'\u00e9change d'e-mails classique ou de la conversation t\u00e9l\u00e9phonique aux r\u00e9unions en direct via Messenger, WhatsApp, Telegram, Google Meeting ou m\u00eame Team Viewer. Choisissez simplement ce que vous pr\u00e9f\u00e9rez. Toutes les personnes sont diff\u00e9rentes dans leur fa\u00e7on de travailler, nous nous adapterons donc \u00e0 vos choix et \u00e0 votre emploi du temps. Veuillez nous indiquer dans quel pays vous vivez afin que nous puissions vous proposer un moment appropri\u00e9 pour toute r\u00e9union en direct.<\/p>\n<p>&nbsp;<\/p>\n<p>[\/et_pb_text][\/et_pb_column][\/et_pb_row][\/et_pb_section][et_pb_section fb_built=&#8221;1&#8243; _builder_version=&#8221;4.19.4&#8243; _module_preset=&#8221;default&#8221; custom_margin=&#8221;|||0px|false|false&#8221; custom_margin_tablet=&#8221;|||0px|false|false&#8221; custom_margin_phone=&#8221;|||0px|false|false&#8221; custom_margin_last_edited=&#8221;on|phone&#8221; global_colors_info=&#8221;{}&#8221;][et_pb_row _builder_version=&#8221;4.19.1&#8243; _module_preset=&#8221;default&#8221; global_colors_info=&#8221;{}&#8221;][et_pb_column type=&#8221;4_4&#8243; _builder_version=&#8221;4.19.1&#8243; _module_preset=&#8221;default&#8221; global_colors_info=&#8221;{}&#8221;][et_pb_text _builder_version=&#8221;4.19.4&#8243; _module_preset=&#8221;default&#8221; header_text_align=&#8221;center&#8221; hover_enabled=&#8221;0&#8243; sticky_enabled=&#8221;0&#8243;]<\/p>\n<h1>\u00c9tapes logiques<\/h1>\n<p>[\/et_pb_text][et_pb_text _builder_version=&#8221;4.19.4&#8243; _module_preset=&#8221;default&#8221; text_font=&#8221;|700|||||||&#8221; text_font_size=&#8221;20px&#8221; header_font=&#8221;||||||||&#8221; header_font_size=&#8221;50px&#8221; width=&#8221;80%&#8221; module_alignment=&#8221;center&#8221; global_colors_info=&#8221;{}&#8221;]<\/p>\n<p>&nbsp;<\/p>\n<p>Voici les \u00e9tapes logiques que nous allons suivre ensemble \u00e0 partir du moment o\u00f9 vous contactez Dash Komodo jusqu'\u00e0 la mise en ligne de votre site Web. Courriel, appel t\u00e9l\u00e9phonique ou ce que vous pr\u00e9f\u00e9rez, nous aurons \u00e0 \u00e9changer quelques id\u00e9es et documents.<\/p>\n<p>&nbsp;<\/p>\n<p>[\/et_pb_text][dsm_content_timeline dsm_timeline_style=&#8221;left&#8221; dsm_responsive_style=&#8221;left&#8221; dsm_card_arrow=&#8221;on&#8221; dsm_tree_animation=&#8221;on&#8221; dsm_bg_color=&#8221;#FFD23E&#8221; dsm_pointer_bg_color=&#8221;#000000&#8243; dsm_pointer_active_bg_color=&#8221;#FFD23E&#8221; dsm_pointer_icon_color=&#8221;#000000&#8243; dsm_tree_bg_color=&#8221;#000000&#8243; dsm_tree_active_bg_color=&#8221;#FFD23E&#8221; _builder_version=&#8221;4.19.1&#8243; _module_preset=&#8221;default&#8221; header_font=&#8221;||||||||&#8221; content_font=&#8221;|600|||||||&#8221; content_text_color=&#8221;#5E5E5E&#8221; border_radii_card_border=&#8221;on|10px|10px|10px|10px&#8221; border_width_all_card_border=&#8221;1px&#8221; border_color_all_card_border=&#8221;#000000&#8243; global_colors_info=&#8221;{}&#8221;][dsm_content_timeline_child dsm_use_icon=&#8221;on&#8221; font_icon=&#8221;&#xf0e0;||fa||400&#8243; dsm_icon_image_placement=&#8221;left&#8221; dsm_title=&#8221;You contact US&#8221; dsm_content=&#8221;<\/p>\n<p>Vous avez besoin d'un devis gratuit ou tout simplement d\u00e9j\u00e0 d\u00e9cid\u00e9 de votre projet. Vous nous envoyez un e-mail avec le plus de d\u00e9tails possible et nous vous contacterons par t\u00e9l\u00e9phone.<\/p>\n<p>&#8221; dsm_image_icon_width=&#8221;80px&#8221; _builder_version=&#8221;4.19.1&#8243; _module_preset=&#8221;default&#8221; global_colors_info=&#8221;{}&#8221; parent_header_level=&#8221;h4&#8243;][\/dsm_content_timeline_child][dsm_content_timeline_child dsm_use_icon=&#8221;on&#8221; font_icon=&#8221;&#xf879;||fa||900&#8243; dsm_icon_image_placement=&#8221;left&#8221; dsm_title=&#8221;Our Reply&#8221; dsm_content=&#8221;<\/p>\n<p>Ce sera rapide, nous vous appellerons directement sur votre t\u00e9l\u00e9phone et ensemble nous discuterons de votre projet (Budget, Objectif, Timeline). Suite \u00e0 cet appel nous vous enverrons un questionnaire par email pour couvrir les points ouverts. Cela nous aidera tous les deux \u00e0 mieux d\u00e9finir votre projet.<\/p>\n<p>&#8221; dsm_image_icon_width=&#8221;80px&#8221; _builder_version=&#8221;4.19.1&#8243; _module_preset=&#8221;default&#8221; global_colors_info=&#8221;{}&#8221; parent_header_level=&#8221;h4&#8243;][\/dsm_content_timeline_child][dsm_content_timeline_child dsm_use_icon=&#8221;on&#8221; font_icon=&#8221;&#x68;||divi||400&#8243; dsm_icon_image_placement=&#8221;left&#8221; dsm_title=&#8221;Our Quotation&#8221; dsm_content=&#8221;<\/p>\n<p>Sur la base de toutes vos r\u00e9ponses, nous vous fournissons un devis qui comprend la description des services que nous fournirons et un calendrier. Une fois convenu, nous commencerons le travail imm\u00e9diatement.<\/p>\n<p>&#8221; dsm_image_icon_width=&#8221;80px&#8221; _builder_version=&#8221;4.19.1&#8243; _module_preset=&#8221;default&#8221; global_colors_info=&#8221;{}&#8221; parent_header_level=&#8221;h4&#8243;][\/dsm_content_timeline_child][dsm_content_timeline_child dsm_use_icon=&#8221;on&#8221; font_icon=&#8221;&#xf5ae;||fa||900&#8243; dsm_icon_image_placement=&#8221;left&#8221; dsm_title=&#8221;Design and Content&#8221; dsm_content=&#8221;<\/p>\n<p>A ce stade vous nous fournissez du contenu (Photo \/ Textes \/ Logo) et nous travaillons de notre c\u00f4t\u00e9 sur le Design. Nous vous proposerons 2 designs diff\u00e9rents adapt\u00e9s \u00e0 votre industrie et nous pourrons en discuter ensemble.<\/p>\n<p>&#8221; dsm_horizontal_alignment=&#8221;left&#8221; dsm_image_icon_width=&#8221;80px&#8221; _builder_version=&#8221;4.19.1&#8243; _module_preset=&#8221;default&#8221; global_colors_info=&#8221;{}&#8221; parent_header_level=&#8221;h4&#8243;][\/dsm_content_timeline_child][dsm_content_timeline_child dsm_use_icon=&#8221;on&#8221; font_icon=&#8221;&#xf002;||fa||900&#8243; dsm_icon_image_placement=&#8221;left&#8221; dsm_title=&#8221;Last Check&#8221; dsm_content=&#8221;<\/p>\n<p>Votre site web est d\u00e9velopp\u00e9, h\u00e9berg\u00e9 et nous pouvons travailler ensemble pour peaufiner le r\u00e9sultat final.<\/p>\n<p>&#8221; dsm_horizontal_alignment=&#8221;left&#8221; dsm_image_icon_width=&#8221;80px&#8221; _builder_version=&#8221;4.19.1&#8243; _module_preset=&#8221;default&#8221; global_colors_info=&#8221;{}&#8221; parent_header_level=&#8221;h4&#8243;][\/dsm_content_timeline_child][dsm_content_timeline_child dsm_use_icon=&#8221;on&#8221; font_icon=&#8221;&#xf164;||fa||400&#8243; dsm_icon_image_placement=&#8221;left&#8221; dsm_title=&#8221;Your Website is Live&#8221; dsm_content=&#8221;<\/p>\n<p>Il nous faut normalement entre 7 et 15 jours ouvrables pour d\u00e9velopper enti\u00e8rement votre site web. Cela inclut la conception, l'optimisation, l'h\u00e9bergement, la s\u00e9curit\u00e9 et l'abonnement au moteur de recherche. A ce stade, nous entrons dans la p\u00e9riode de maintenance.<\/p>\n<p>&#8221; dsm_horizontal_alignment=&#8221;left&#8221; dsm_image_icon_width=&#8221;80px&#8221; _builder_version=&#8221;4.19.1&#8243; _module_preset=&#8221;default&#8221; global_colors_info=&#8221;{}&#8221; parent_header_level=&#8221;h4&#8243;][\/dsm_content_timeline_child][\/dsm_content_timeline][et_pb_text _builder_version=&#8221;4.19.4&#8243; _module_preset=&#8221;default&#8221; text_font=&#8221;|700|||||||&#8221; text_font_size=&#8221;20px&#8221; header_font=&#8221;||||||||&#8221; header_font_size=&#8221;50px&#8221; module_alignment=&#8221;center&#8221; global_colors_info=&#8221;{}&#8221; theme_builder_area=&#8221;post_content&#8221; sticky_enabled=&#8221;0&#8243; width=&#8221;80%&#8221; text_orientation=&#8221;center&#8221; hover_enabled=&#8221;0&#8243;]<\/p>\n<p>Nous vous aiderons \u00e0 \u00e9valuer le site Web dont vous avez besoin et vous d\u00e9livrerons gratuitement une estimation gratuite. Absolument aucun engagement.<\/p>\n<p>&nbsp;<\/p>\n<p>[\/et_pb_text][dsm_button button_one_text=&#8221;Contact US&#8221; button_one_url=&#8221;https:\/\/daskomodo,com\/contact&#8221; button_two_url=&#8221;#&#8221; button_alignment=&#8221;center&#8221; _builder_version=&#8221;4.19.4&#8243; _module_preset=&#8221;default&#8221; custom_button_one=&#8221;on&#8221; button_one_text_color=&#8221;#000000&#8243; button_one_bg_color=&#8221;#FFD23E&#8221; button_one_bg_enable_image=&#8221;off&#8221; button_one_border_radius=&#8221;20px&#8221; button_one_font=&#8221;|700|||||||&#8221; button_one_icon=&#8221;&#x49;||divi||400&#8243; custom_button_two=&#8221;on&#8221; button_two_text_color=&#8221;#000000&#8243; button_two_bg_color=&#8221;#FFD23E&#8221; button_two_bg_enable_image=&#8221;off&#8221; button_two_border_radius=&#8221;20px&#8221; button_two_letter_spacing=&#8221;0px&#8221; button_two_font=&#8221;|700|||||||&#8221; button_two_icon=&#8221;&#x5c;||divi||400&#8243; button_two_icon_placement=&#8221;left&#8221; custom_padding=&#8221;85px||4px|||&#8221; hover_enabled=&#8221;0&#8243; box_shadow_style_button_one=&#8221;preset6&#8243; box_shadow_blur_button_one=&#8221;7px&#8221; box_shadow_color_button_one=&#8221;#000000&#8243; box_shadow_position_button_one=&#8221;outer&#8221; box_shadow_style_button_two=&#8221;preset6&#8243; box_shadow_blur_button_two=&#8221;7px&#8221; box_shadow_color_button_two=&#8221;#000000&#8243; box_shadow_position_button_two=&#8221;outer&#8221; global_colors_info=&#8221;{}&#8221; theme_builder_area=&#8221;post_content&#8221; sticky_enabled=&#8221;0&#8243;][\/dsm_button][\/et_pb_column][\/et_pb_row][\/et_pb_section]<\/p>","protected":false},"excerpt":{"rendered":"<p>Discover how we work with our customer, creating a website for a business is a process that takes two. <\/p>","protected":false},"author":1,"featured_media":15,"parent":0,"menu_order":0,"comment_status":"closed","ping_status":"closed","template":"","meta":{"_et_pb_use_builder":"on","_et_pb_old_content":"<!-- wp:divi\/placeholder \/-->","_et_gb_content_width":""},"aioseo_notices":[],"_links":{"self":[{"href":"https:\/\/dashkomodo.com\/fr\/wp-json\/wp\/v2\/pages\/175"}],"collection":[{"href":"https:\/\/dashkomodo.com\/fr\/wp-json\/wp\/v2\/pages"}],"about":[{"href":"https:\/\/dashkomodo.com\/fr\/wp-json\/wp\/v2\/types\/page"}],"author":[{"embeddable":true,"href":"https:\/\/dashkomodo.com\/fr\/wp-json\/wp\/v2\/users\/1"}],"replies":[{"embeddable":true,"href":"https:\/\/dashkomodo.com\/fr\/wp-json\/wp\/v2\/comments?post=175"}],"version-history":[{"count":0,"href":"https:\/\/dashkomodo.com\/fr\/wp-json\/wp\/v2\/pages\/175\/revisions"}],"wp:featuredmedia":[{"embeddable":true,"href":"https:\/\/dashkomodo.com\/fr\/wp-json\/wp\/v2\/media\/15"}],"wp:attachment":[{"href":"https:\/\/dashkomodo.com\/fr\/wp-json\/wp\/v2\/media?parent=175"}],"curies":[{"name":"wp","href":"https:\/\/api.w.org\/{rel}","templated":true}]}}