{"id":173,"date":"2022-12-20T02:57:29","date_gmt":"2022-12-20T02:57:29","guid":{"rendered":"https:\/\/dashkomodo.com\/?page_id=173"},"modified":"2024-11-12T20:10:10","modified_gmt":"2024-11-12T20:10:10","slug":"faq","status":"publish","type":"page","link":"https:\/\/dashkomodo.com\/fr\/faq\/","title":{"rendered":"FAQ."},"content":{"rendered":"<p>[et_pb_section fb_built=&#8221;1&#8243; _builder_version=&#8221;4.19.4&#8243; _module_preset=&#8221;default&#8221; background_color=&#8221;#000000&#8243; custom_margin=&#8221;|||0px|false|false&#8221; custom_margin_tablet=&#8221;|||0px|false|false&#8221; custom_margin_phone=&#8221;|||0px|false|false&#8221; custom_margin_last_edited=&#8221;on|desktop&#8221; bottom_divider_height=&#8221;54px&#8221; global_colors_info=&#8221;{}&#8221;][et_pb_row _builder_version=&#8221;4.19.1&#8243; _module_preset=&#8221;default&#8221; global_colors_info=&#8221;{}&#8221;][et_pb_column type=&#8221;4_4&#8243; _builder_version=&#8221;4.19.1&#8243; _module_preset=&#8221;default&#8221; global_colors_info=&#8221;{}&#8221;][dsm_text_divider header=&#8221;F.A.Q.&#8221; color=&#8221;#FFD23E&#8221; divider_style=&#8221;dashed&#8221; divider_weight=&#8221;3px&#8221; _builder_version=&#8221;4.19.1&#8243; _module_preset=&#8221;default&#8221; header_level=&#8221;h1&#8243; header_text_color=&#8221;#FFFFFF&#8221; header_font_size=&#8221;50px&#8221; background_color=&#8221;RGBA(255,255,255,0)&#8221; background_layout=&#8221;dark&#8221; width=&#8221;100%&#8221; max_width=&#8221;100%&#8221; animation_style=&#8221;slide&#8221; global_colors_info=&#8221;{}&#8221;][\/dsm_text_divider][et_pb_text _builder_version=&#8221;4.19.4&#8243; _module_preset=&#8221;default&#8221; text_font=&#8221;|700|||||||&#8221; text_text_color=&#8221;#FFFFFF&#8221; text_font_size=&#8221;20px&#8221; header_font=&#8221;||||||||&#8221; header_font_size=&#8221;50px&#8221; max_width=&#8221;75%&#8221; module_alignment=&#8221;center&#8221; global_colors_info=&#8221;{}&#8221;]<\/p>\n<p>&nbsp;<\/p>\n<p>Vous trouverez ci-dessous les questions fr\u00e9quemment pos\u00e9es pour la cr\u00e9ation de votre site Web. Si vous ne trouvez pas la r\u00e9ponse que vous cherchez, n'h\u00e9sitez pas \u00e0 nous contacter.<\/p>\n<p>&nbsp;<\/p>\n<p>[\/et_pb_text][\/et_pb_column][\/et_pb_row][\/et_pb_section][et_pb_section fb_built=&#8221;1&#8243; prev_background_color=&#8221;#000000&#8243; _builder_version=&#8221;4.19.4&#8243; _module_preset=&#8221;default&#8221; background_color=&#8221;rgba(255,210,62,0.5)&#8221; background_image=&#8221;https:\/\/dashkomodo.com\/wp-content\/uploads\/2022\/12\/icon-4102192.png&#8221; custom_margin=&#8221;|||0px|false|false&#8221; custom_margin_tablet=&#8221;|||0px|false|false&#8221; custom_margin_phone=&#8221;|||0px|false|false&#8221; custom_margin_last_edited=&#8221;on|desktop&#8221; top_divider_style=&#8221;mountains&#8221; top_divider_height=&#8221;42px&#8221; bottom_divider_style=&#8221;mountains&#8221; bottom_divider_color=&#8221;#000000&#8243; bottom_divider_height=&#8221;54px&#8221; global_colors_info=&#8221;{}&#8221;][et_pb_row _builder_version=&#8221;4.19.1&#8243; _module_preset=&#8221;default&#8221; global_colors_info=&#8221;{}&#8221;][et_pb_column type=&#8221;4_4&#8243; _builder_version=&#8221;4.19.1&#8243; _module_preset=&#8221;default&#8221; global_colors_info=&#8221;{}&#8221;][et_pb_accordion _builder_version=&#8221;4.19.4&#8243; _module_preset=&#8221;default&#8221; body_text_color=&#8221;#4D4637&#8243; hover_enabled=&#8221;0&#8243; border_radii=&#8221;on|20px|20px|20px|20px&#8221; global_colors_info=&#8221;{}&#8221; sticky_enabled=&#8221;0&#8243;][et_pb_accordion_item title=&#8221;Do I need a website ? &#8221; open=&#8221;on&#8221; open_toggle_background_color=&#8221;#FFD23E&#8221; icon_color=&#8221;#000000&#8243; toggle_icon=&#8221;&#x47;||divi||400&#8243; _builder_version=&#8221;4.19.4&#8243; _module_preset=&#8221;default&#8221; body_font=&#8221;|600|||||||&#8221; border_width_all=&#8221;0px&#8221; global_colors_info=&#8221;{}&#8221;]<\/p>\n<p>Il existe plusieurs bonnes raisons d'avoir votre site Web aujourd'hui.<\/p>\n<p>-Les gens peuvent vous trouver en ligne 24 heures sur 24 et 7 jours sur 7 et peuvent obtenir des r\u00e9ponses \u00e0 leurs questions simplement en visitant votre site Web.<\/p>\n<p>-C'est la meilleure fa\u00e7on de mettre en valeur votre travail\/expertise. Que vous affichiez une photo de votre travail ou que vous publiiez des t\u00e9moignages de clients satisfaits, cela aidera certainement \u00e0 d\u00e9cider de nouveaux clients \u00e0 travailler avec vous.<\/p>\n<p>-Cela augmentera votre cr\u00e9dibilit\u00e9 et vous d\u00e9marquera des concurrents qui n'ont pas de site Web et laissera plus de doute \u00e0 leurs clients potentiels. Il renforcera \u00e9galement l'identit\u00e9 de votre activit\u00e9 et l'image de votre entreprise.<\/p>\n<p>-Cela vous aidera \u00e0 \u00eatre contact\u00e9(e) et joint plus facilement, nous int\u00e9grons votre position GPS et nous incluons un formulaire de contact sur votre site Web.<\/p>\n<p>-La plupart des gens utilisent un moteur de recherche Internet pour trouver un service dans leur r\u00e9gion, s'ils ne trouvent pas votre entreprise, ils trouveront certainement vos concurrents.<\/p>\n<p>&nbsp;<\/p>\n<p>&nbsp;<\/p>\n<p>[\/et_pb_accordion_item][et_pb_accordion_item title=&#8221;What are the key elements for a website ? &#8221; open_toggle_background_color=&#8221;#FFD23E&#8221; icon_color=&#8221;#000000&#8243; toggle_icon=&#8221;&#x47;||divi||400&#8243; _builder_version=&#8221;4.19.4&#8243; _module_preset=&#8221;default&#8221; body_font=&#8221;|600|||||||&#8221; border_width_all=&#8221;0px&#8221; global_colors_info=&#8221;{}&#8221; open=&#8221;off&#8221;]<\/p>\n<p>D'abord le site Web lui-m\u00eame. il est compos\u00e9 de pages comprenant des textes, des photos et un dessin g\u00e9n\u00e9ral. Il s'agit d'un paiement unique pour un travail ponctuel. Il vous appartient.<\/p>\n<p>Il y a aussi l'emplacement (serveur) o\u00f9 votre site Web est h\u00e9berg\u00e9. Il s'agit d'une redevance annuelle, tout comme la location d'une maison.<\/p>\n<p>Enfin votre nom de domaine devra \u00eatre cr\u00e9\u00e9 et r\u00e9serv\u00e9. L\u00e0 encore, il s'agit d'une cotisation annuelle et pendant la dur\u00e9e de votre abonnement, vous \u00eates propri\u00e9taire de ce nom de domaine.<\/p>\n<p>&nbsp;<\/p>\n<p>[\/et_pb_accordion_item][et_pb_accordion_item title=&#8221;Do I need to have some IT knowledge ? &#8221; open_toggle_background_color=&#8221;#FFD23E&#8221; icon_color=&#8221;#000000&#8243; toggle_icon=&#8221;&#x47;||divi||400&#8243; _builder_version=&#8221;4.19.4&#8243; _module_preset=&#8221;default&#8221; body_font=&#8221;|600|||||||&#8221; border_width_all=&#8221;0px&#8221; global_colors_info=&#8221;{}&#8221; open=&#8221;off&#8221;]<\/p>\n<p>La r\u00e9ponse est non. Si vous choisissez Dash Komodo et notre solution tout-en-un, nous nous occupons de tout pour vous. Vous aurez \u00e9galement 2 mises \u00e0 jour mineures gratuites possibles chaque ann\u00e9e, pour afficher de nouvelles photos ou modifier vos tarifs par exemple. La deuxi\u00e8me ann\u00e9e, vous paierez simplement l'h\u00e9bergement et la maintenance de votre site. Nous consid\u00e9rons que vous \u00eates un partenaire plus qu'un client, car notre relation s'inscrit dans la dur\u00e9e.<\/p>\n<p>&nbsp;<\/p>\n<p>&nbsp;<\/p>\n<p>[\/et_pb_accordion_item][et_pb_accordion_item title=&#8221;I want to update my old website&#8221; open_toggle_background_color=&#8221;#FFD23E&#8221; icon_color=&#8221;#000000&#8243; toggle_icon=&#8221;&#x47;||divi||400&#8243; _builder_version=&#8221;4.19.4&#8243; _module_preset=&#8221;default&#8221; body_font=&#8221;|600|||||||&#8221; border_width_all=&#8221;0px&#8221; global_colors_info=&#8221;{}&#8221; open=&#8221;off&#8221;]<\/p>\n<p>Veuillez nous indiquer le nom de votre site Web et les modifications que vous souhaitez et nous vous r\u00e9pondrons par OUI ou NON. Si oui, nous vous faisons un devis, si non nous vous recommanderons d'autres agences web plus adapt\u00e9es \u00e0 vos besoins.<\/p>\n<p>&nbsp;<\/p>\n<p>&nbsp;<\/p>\n<p>[\/et_pb_accordion_item][et_pb_accordion_item title=&#8221;I have no Logo, no graphic identity. &#8221; open_toggle_background_color=&#8221;#FFD23E&#8221; icon_color=&#8221;#000000&#8243; toggle_icon=&#8221;&#x47;||divi||400&#8243; _builder_version=&#8221;4.19.4&#8243; _module_preset=&#8221;default&#8221; body_font=&#8221;|600|||||||&#8221; border_width_all=&#8221;0px&#8221; global_colors_info=&#8221;{}&#8221; open=&#8221;off&#8221;]<\/p>\n<p>Vous n'avez pas toujours besoin d'un logo mais il est pr\u00e9f\u00e9rable d'en avoir un. Cela aide les gens \u00e0 mieux se souvenir de vous et c'est aussi la premi\u00e8re image de votre entreprise. Nous pouvons vous cr\u00e9er un Logo et vous aider avec votre identit\u00e9 graphique. Nous nous tenons inform\u00e9s des tendances, des codes commerciaux et de tout aspect de l'identit\u00e9 d'une entreprise. Vous recevrez des documents compl\u00e9mentaires qui pourront \u00eatre r\u00e9utilis\u00e9s dans votre documentation professionnelle et pourront \u00eatre apport\u00e9s \u00e0 votre imprimeur local.<\/p>\n<p>&nbsp;<\/p>\n<p>[\/et_pb_accordion_item][et_pb_accordion_item title=&#8221;I &#8216;m not at ease creating text for my website&#8221; open_toggle_background_color=&#8221;#FFD23E&#8221; icon_color=&#8221;#000000&#8243; toggle_icon=&#8221;&#x47;||divi||400&#8243; _builder_version=&#8221;4.19.4&#8243; _module_preset=&#8221;default&#8221; body_font=&#8221;|600|||||||&#8221; border_width_all=&#8221;0px&#8221; global_colors_info=&#8221;{}&#8221; open=&#8221;off&#8221;]<\/p>\n<p>Si vous ne savez pas quoi dire ou comment promouvoir votre entreprise, nous pouvons vous proposer de cr\u00e9er le contenu pour vous. Il comprendra des mots-cl\u00e9s sp\u00e9cifiques (pour que Google vous aide \u00e0 vous trouver) et se fera apr\u00e8s un \u00e9change avec vous o\u00f9 nous vous poserons de nombreuses questions, cela nous aidera \u00e0 comprendre comment promouvoir au mieux votre entreprise.<\/p>\n<p>&nbsp;<\/p>\n<p>[\/et_pb_accordion_item][et_pb_accordion_item title=&#8221;What about Emails ? &#8221; open_toggle_background_color=&#8221;#FFD23E&#8221; icon_color=&#8221;#000000&#8243; toggle_icon=&#8221;&#x47;||divi||400&#8243; _builder_version=&#8221;4.19.4&#8243; _module_preset=&#8221;default&#8221; body_font=&#8221;|600|||||||&#8221; border_width_all=&#8221;0px&#8221; global_colors_info=&#8221;{}&#8221; open=&#8221;off&#8221;]<\/p>\n<p>Nous pouvons cr\u00e9er pour vous un email professionnel int\u00e9grant le nom de votre site internet dans la structure email. Nous pouvons \u00e9galement faire en sorte que cet e-mail transmette tous les e-mails re\u00e7us \u00e0 votre adresse e-mail existante. Vous n'avez donc pas \u00e0 changer vos habitudes. Pour les personnes allergiques aux e-mails, tenez-vous en aux appels t\u00e9l\u00e9phoniques avec vos clients. Rien de pire que des mails sans r\u00e9ponse.<\/p>\n<p>&nbsp;<\/p>\n<p>[\/et_pb_accordion_item][et_pb_accordion_item title=&#8221;How long before I have my website ? &#8221; open_toggle_background_color=&#8221;#FFD23E&#8221; icon_color=&#8221;#000000&#8243; toggle_icon=&#8221;&#x47;||divi||400&#8243; _builder_version=&#8221;4.19.4&#8243; _module_preset=&#8221;default&#8221; body_font=&#8221;|600|||||||&#8221; border_width_all=&#8221;0px&#8221; global_colors_info=&#8221;{}&#8221; open=&#8221;off&#8221;]<\/p>\n<p>Selon votre projet, cela peut prendre de 10 jours ouvrables \u00e0 beaucoup plus. C'est le temps n\u00e9cessaire \u00e0 Dash Komodo pour ex\u00e9cuter toutes les t\u00e2ches n\u00e9cessaires. Maintenant, si nous attendons que votre texte ou vos photos nous soient envoy\u00e9s, nous continuerons \u00e0 travailler sur d'autres aspects lorsque cela sera possible, mais si vous cr\u00e9ez des retards, ces retards auront bien s\u00fbr un impact sur le d\u00e9lai de livraison de votre site Web.<\/p>\n<p>&nbsp;<\/p>\n<p>[\/et_pb_accordion_item][et_pb_accordion_item title=&#8221;I also need business cards or leaflet &#8221; open_toggle_background_color=&#8221;#FFD23E&#8221; icon_color=&#8221;#000000&#8243; toggle_icon=&#8221;&#x47;||divi||400&#8243; _builder_version=&#8221;4.19.4&#8243; _module_preset=&#8221;default&#8221; body_font=&#8221;|600|||||||&#8221; border_width_all=&#8221;0px&#8221; global_colors_info=&#8221;{}&#8221; open=&#8221;off&#8221;]<\/p>\n<p>Nous pouvons cr\u00e9er pour vous des cartes de visite, vous recevrez un fichier \u00e9lectronique et n'aurez qu'\u00e0 l'apporter \u00e0 votre imprimeur local (nous pouvons \u00e9galement traiter directement avec votre imprimeur local). Un d\u00e9pliant peut \u00e9galement \u00eatre cr\u00e9\u00e9, dans ce cas, nous aurons besoin d'une r\u00e9union pour comprendre exactement le but, le design, les informations et le format dont vous avez besoin.<\/p>\n<p>&nbsp;<\/p>\n<p>[\/et_pb_accordion_item][et_pb_accordion_item title=&#8221;Why Choosing Dash Komodo ? &#8221; open_toggle_background_color=&#8221;#FFD23E&#8221; icon_color=&#8221;#000000&#8243; toggle_icon=&#8221;&#x47;||divi||400&#8243; _builder_version=&#8221;4.19.4&#8243; _module_preset=&#8221;default&#8221; body_font=&#8221;|600|||||||&#8221; border_width_all=&#8221;0px&#8221; global_colors_info=&#8221;{}&#8221; open=&#8221;off&#8221;]<\/p>\n<p>Nous nous sp\u00e9cialisons dans les petites entreprises, d'autres grandes agences ne s'occuperont que de tr\u00e8s gros clients. Nous travaillons bien sur ce que nous pouvons g\u00e9rer, si votre demande est trop technique ou trop volumineuse, nous vous aiderons simplement \u00e0 trouver une agence plus adapt\u00e9e \u00e0 votre projet. La satisfaction du client est notre principale priorit\u00e9 et en raison de la relation \u00e0 long terme que nous entretenons avec eux, nous les soutenons souvent au-del\u00e0 de nos services contractuels, nous pouvons \u00e9galement vous donner des conseils pour votre entreprise. Nous n'avons aucun int\u00e9r\u00eat \u00e0 avoir des clients en col\u00e8re, absolument aucun.<\/p>\n<p>Dash Komodo peut \u00e9galement am\u00e9liorer votre visibilit\u00e9 au-del\u00e0 de votre site Web. Nous touchons \u00e9galement les r\u00e9seaux sociaux, la question organisationnelle avec vous si n\u00e9cessaire et vous aidons \u00e0 obtenir les bonnes critiques n\u00e9cessaires pour votre entreprise.<\/p>\n<p>&nbsp;<\/p>\n<p>[\/et_pb_accordion_item][\/et_pb_accordion][\/et_pb_column][\/et_pb_row][et_pb_row _builder_version=&#8221;4.19.1&#8243; _module_preset=&#8221;default&#8221; global_colors_info=&#8221;{}&#8221;][et_pb_column type=&#8221;4_4&#8243; _builder_version=&#8221;4.19.1&#8243; _module_preset=&#8221;default&#8221; global_colors_info=&#8221;{}&#8221;][et_pb_text _builder_version=&#8221;4.19.1&#8243; _module_preset=&#8221;default&#8221; text_font=&#8221;|700|||||||&#8221; text_text_color=&#8221;#4D4637&#8243; text_font_size=&#8221;20px&#8221; header_font=&#8221;||||||||&#8221; header_font_size=&#8221;50px&#8221; background_color=&#8221;rgba(255,255,255,0.78)&#8221; text_orientation=&#8221;center&#8221; module_alignment=&#8221;center&#8221; custom_padding=&#8221;0px||23px||false|false&#8221; border_radii=&#8221;on|20px|20px|20px|20px&#8221; global_colors_info=&#8221;{}&#8221;]<\/p>\n<p>&nbsp;<\/p>\n<p>Nous esp\u00e9rons avoir r\u00e9pondu \u00e0 la plupart de vos questions, si ce n' est pas le cas, contactez-nous et nous ferons de notre mieux pour vous r\u00e9pondre. Nous pouvons \u00e9galement organiser une visioconf\u00e9rence pour prendre un caf\u00e9 ensemble tout en discutant de votre projet.<\/p>\n<p>[\/et_pb_text][dsm_button button_one_text=&#8221;CONTACT US&#8221; button_one_url=&#8221;https:\/\/dashkomodo.com\/contact\/&#8221; button_two_url=&#8221;#&#8221; button_alignment=&#8221;center&#8221; _builder_version=&#8221;4.19.4&#8243; _module_preset=&#8221;default&#8221; custom_button_one=&#8221;on&#8221; button_one_text_color=&#8221;#000000&#8243; button_one_bg_color=&#8221;#FFD23E&#8221; button_one_bg_enable_image=&#8221;off&#8221; button_one_border_radius=&#8221;20px&#8221; button_one_font=&#8221;|700|||||||&#8221; button_one_icon=&#8221;&#x49;||divi||400&#8243; custom_button_two=&#8221;on&#8221; button_two_text_color=&#8221;#000000&#8243; button_two_bg_color=&#8221;#FFD23E&#8221; button_two_bg_enable_image=&#8221;off&#8221; button_two_border_radius=&#8221;20px&#8221; button_two_letter_spacing=&#8221;0px&#8221; button_two_font=&#8221;|700|||||||&#8221; button_two_icon=&#8221;&#x5c;||divi||400&#8243; button_two_icon_placement=&#8221;left&#8221; custom_padding=&#8221;7px||4px|||&#8221; box_shadow_style_button_one=&#8221;preset6&#8243; box_shadow_blur_button_one=&#8221;7px&#8221; box_shadow_color_button_one=&#8221;#000000&#8243; box_shadow_position_button_one=&#8221;outer&#8221; box_shadow_style_button_two=&#8221;preset6&#8243; box_shadow_blur_button_two=&#8221;7px&#8221; box_shadow_color_button_two=&#8221;#000000&#8243; box_shadow_position_button_two=&#8221;outer&#8221; global_colors_info=&#8221;{}&#8221;][\/dsm_button][\/et_pb_column][\/et_pb_row][\/et_pb_section]<\/p>","protected":false},"excerpt":{"rendered":"<p>Find all the answers to your questions. We cover the most Frequently Asked Questions here, if you still have any please contact us.<\/p>","protected":false},"author":1,"featured_media":107,"parent":0,"menu_order":0,"comment_status":"closed","ping_status":"closed","template":"","meta":{"_et_pb_use_builder":"on","_et_pb_old_content":"<!-- wp:divi\/placeholder \/-->","_et_gb_content_width":""},"aioseo_notices":[],"_links":{"self":[{"href":"https:\/\/dashkomodo.com\/fr\/wp-json\/wp\/v2\/pages\/173"}],"collection":[{"href":"https:\/\/dashkomodo.com\/fr\/wp-json\/wp\/v2\/pages"}],"about":[{"href":"https:\/\/dashkomodo.com\/fr\/wp-json\/wp\/v2\/types\/page"}],"author":[{"embeddable":true,"href":"https:\/\/dashkomodo.com\/fr\/wp-json\/wp\/v2\/users\/1"}],"replies":[{"embeddable":true,"href":"https:\/\/dashkomodo.com\/fr\/wp-json\/wp\/v2\/comments?post=173"}],"version-history":[{"count":2,"href":"https:\/\/dashkomodo.com\/fr\/wp-json\/wp\/v2\/pages\/173\/revisions"}],"predecessor-version":[{"id":590,"href":"https:\/\/dashkomodo.com\/fr\/wp-json\/wp\/v2\/pages\/173\/revisions\/590"}],"wp:featuredmedia":[{"embeddable":true,"href":"https:\/\/dashkomodo.com\/fr\/wp-json\/wp\/v2\/media\/107"}],"wp:attachment":[{"href":"https:\/\/dashkomodo.com\/fr\/wp-json\/wp\/v2\/media?parent=173"}],"curies":[{"name":"wp","href":"https:\/\/api.w.org\/{rel}","templated":true}]}}